{"id":32,"date":"2020-12-06T19:29:32","date_gmt":"2020-12-06T22:29:32","guid":{"rendered":"http:\/\/jcphealthtech.com.br\/?page_id=32"},"modified":"2021-02-01T20:08:17","modified_gmt":"2021-02-01T23:08:17","slug":"planejamento-e-monitoramento-do-recebimento-e-instalacao","status":"publish","type":"page","link":"https:\/\/jcphealthtech.com.br\/index.php\/planejamento-e-monitoramento-do-recebimento-e-instalacao\/","title":{"rendered":"Planejamento e Monitoramento do Recebimento e Instala\u00e7\u00e3o"},"content":{"rendered":"<p>[vc_row][vc_column][vc_empty_space][vc_row_inner][vc_column_inner width=&#8221;1\/2&#8243;][vc_custom_heading text=&#8221;Comissionamento \u2013 Planejamento e Monitoramento do Recebimento e Instala\u00e7\u00e3o&#8221; font_container=&#8221;tag:h4|font_size:18px|text_align:left|line_height:25px&#8221; use_theme_fonts=&#8221;yes&#8221;][vc_separator align=&#8221;align_left&#8221; css=&#8221;.vc_custom_1607902121774{margin-bottom: 0px !important;border-bottom-width: 0px !important;padding-bottom: 0px !important;}&#8221;][vc_column_text]<span style=\"font-weight: 400;\">Com o recebimento das informa\u00e7\u00f5es referentes a disponibilidade dos equipamentos existentes e equipamentos novos, realizaremos o planejamento do recebimento, armazenamento, instala\u00e7\u00e3o e treinamentos.<\/span><\/p>\n<p><span style=\"font-weight: 400;\">S\u00e3o atividades tamb\u00e9m realizadas nesta etapa:<\/span><\/p>\n<ul>\n<li style=\"font-weight: 400;\"><span style=\"font-weight: 400;\">Alinhamento e comunica\u00e7\u00e3o para sanar poss\u00edveis d\u00favidas com os representantes do Cliente<\/span><\/li>\n<li style=\"font-weight: 400;\"><span style=\"font-weight: 400;\">Dimensionamento de equipe de apoio para carregamento e transporte interno dos ativos<\/span><\/li>\n<li style=\"font-weight: 400;\"><span style=\"font-weight: 400;\">Dimensionamento e sugest\u00e3o de ferramentas para a equipe de apoio<\/span><\/li>\n<li style=\"font-weight: 400;\"><span style=\"font-weight: 400;\">Sugest\u00e3o de local e forma de organiza\u00e7\u00e3o do espa\u00e7o para armazenamento tempor\u00e1rio dos ativos<\/span><\/li>\n<li style=\"font-weight: 400;\"><span style=\"font-weight: 400;\">Emiss\u00e3o de Cronograma de atividades e responsabilidades<\/span><\/li>\n<li style=\"font-weight: 400;\"><span style=\"font-weight: 400;\">Acompanhamento (in loco) das instala\u00e7\u00f5es\/montagem dos ambientes<\/span><\/li>\n<li style=\"font-weight: 400;\">Emiss\u00e3o de relat\u00f3rio final da montagem dos ambientes<\/li>\n<li>Planejamento para realiza\u00e7\u00e3o dos treinamentos operacionais<\/li>\n<\/ul>\n<p>[\/vc_column_text][\/vc_column_inner][vc_column_inner width=&#8221;1\/2&#8243;][vc_single_image image=&#8221;63&#8243; img_size=&#8221;full&#8221; style=&#8221;vc_box_rounded&#8221; onclick=&#8221;custom_link&#8221;][\/vc_column_inner][\/vc_row_inner][\/vc_column][\/vc_row]<\/p>\n","protected":false},"excerpt":{"rendered":"<p>[vc_row][vc_column][vc_empty_space][vc_row_inner][vc_column_inner width=&#8221;1\/2&#8243;][vc_custom_heading text=&#8221;Comissionamento \u2013 Planejamento e Monitoramento do Recebimento e Instala\u00e7\u00e3o&#8221; font_container=&#8221;tag:h4|font_size:18px|text_align:left|line_height:25px&#8221; use_theme_fonts=&#8221;yes&#8221;][vc_separator align=&#8221;align_left&#8221; css=&#8221;.vc_custom_1607902121774{margin-bottom: 0px !important;border-bottom-width: 0px !important;padding-bottom: 0px !important;}&#8221;][vc_column_text]Com o recebimento das informa\u00e7\u00f5es referentes<span class=\"excerpt-hellip\"> [\u2026]<\/span><\/p>\n","protected":false},"author":1,"featured_media":0,"parent":0,"menu_order":0,"comment_status":"closed","ping_status":"closed","template":"","meta":[],"_links":{"self":[{"href":"https:\/\/jcphealthtech.com.br\/index.php\/wp-json\/wp\/v2\/pages\/32"}],"collection":[{"href":"https:\/\/jcphealthtech.com.br\/index.php\/wp-json\/wp\/v2\/pages"}],"about":[{"href":"https:\/\/jcphealthtech.com.br\/index.php\/wp-json\/wp\/v2\/types\/page"}],"author":[{"embeddable":true,"href":"https:\/\/jcphealthtech.com.br\/index.php\/wp-json\/wp\/v2\/users\/1"}],"replies":[{"embeddable":true,"href":"https:\/\/jcphealthtech.com.br\/index.php\/wp-json\/wp\/v2\/comments?post=32"}],"version-history":[{"count":4,"href":"https:\/\/jcphealthtech.com.br\/index.php\/wp-json\/wp\/v2\/pages\/32\/revisions"}],"predecessor-version":[{"id":133,"href":"https:\/\/jcphealthtech.com.br\/index.php\/wp-json\/wp\/v2\/pages\/32\/revisions\/133"}],"wp:attachment":[{"href":"https:\/\/jcphealthtech.com.br\/index.php\/wp-json\/wp\/v2\/media?parent=32"}],"curies":[{"name":"wp","href":"https:\/\/api.w.org\/{rel}","templated":true}]}}