{"id":30,"date":"2020-12-06T19:29:14","date_gmt":"2020-12-06T22:29:14","guid":{"rendered":"http:\/\/jcphealthtech.com.br\/?page_id=30"},"modified":"2021-02-01T20:08:13","modified_gmt":"2021-02-01T23:08:13","slug":"processo-de-concorrencia-para-aquisicao","status":"publish","type":"page","link":"https:\/\/jcphealthtech.com.br\/index.php\/processo-de-concorrencia-para-aquisicao\/","title":{"rendered":"Processo de Concorr\u00eancia para Aquisi\u00e7\u00e3o"},"content":{"rendered":"<p>[vc_row][vc_column][vc_empty_space][vc_row_inner][vc_column_inner width=&#8221;1\/2&#8243;][vc_custom_heading text=&#8221;Processo de Concorr\u00eancia para Aquisi\u00e7\u00e3o&#8221; font_container=&#8221;tag:h4|font_size:18px|text_align:left|line_height:25px&#8221; use_theme_fonts=&#8221;yes&#8221;][vc_separator align=&#8221;align_left&#8221; css=&#8221;.vc_custom_1607902121774{margin-bottom: 0px !important;border-bottom-width: 0px !important;padding-bottom: 0px !important;}&#8221;][vc_column_text]\u00c9 definido em conjunto com o cliente as necessidades t\u00e9cnicas e operacionais para or\u00e7amenta\u00e7\u00e3o com\u00a0fabricantes\/fornecedores.<\/p>\n<p><span style=\"font-weight: 400;\">S\u00e3o atividades tamb\u00e9m realizadas nesta etapa:<\/span><\/p>\n<ul>\n<li>Defini\u00e7\u00e3o de fabricantes\/fornecedores que participar\u00e3o do processo<\/li>\n<li>Recebimento de propostas\u00a0e an\u00e1lise de documenta\u00e7\u00e3o t\u00e9cnica<\/li>\n<li>Emiss\u00e3o de relat\u00f3rio final contendo a avalia\u00e7\u00e3o (t\u00e9cnica e comercial) dos itens e condi\u00e7\u00f5es de fornecimento<\/li>\n<\/ul>\n<p>[\/vc_column_text][\/vc_column_inner][vc_column_inner width=&#8221;1\/2&#8243;][vc_single_image image=&#8221;62&#8243; img_size=&#8221;full&#8221; style=&#8221;vc_box_rounded&#8221; onclick=&#8221;custom_link&#8221;][\/vc_column_inner][\/vc_row_inner][\/vc_column][\/vc_row]<\/p>\n","protected":false},"excerpt":{"rendered":"<p>[vc_row][vc_column][vc_empty_space][vc_row_inner][vc_column_inner width=&#8221;1\/2&#8243;][vc_custom_heading text=&#8221;Processo de Concorr\u00eancia para Aquisi\u00e7\u00e3o&#8221; font_container=&#8221;tag:h4|font_size:18px|text_align:left|line_height:25px&#8221; use_theme_fonts=&#8221;yes&#8221;][vc_separator align=&#8221;align_left&#8221; css=&#8221;.vc_custom_1607902121774{margin-bottom: 0px !important;border-bottom-width: 0px !important;padding-bottom: 0px !important;}&#8221;][vc_column_text]\u00c9 definido em conjunto com o cliente as necessidades t\u00e9cnicas<span class=\"excerpt-hellip\"> [\u2026]<\/span><\/p>\n","protected":false},"author":1,"featured_media":0,"parent":0,"menu_order":0,"comment_status":"closed","ping_status":"closed","template":"","meta":[],"_links":{"self":[{"href":"https:\/\/jcphealthtech.com.br\/index.php\/wp-json\/wp\/v2\/pages\/30"}],"collection":[{"href":"https:\/\/jcphealthtech.com.br\/index.php\/wp-json\/wp\/v2\/pages"}],"about":[{"href":"https:\/\/jcphealthtech.com.br\/index.php\/wp-json\/wp\/v2\/types\/page"}],"author":[{"embeddable":true,"href":"https:\/\/jcphealthtech.com.br\/index.php\/wp-json\/wp\/v2\/users\/1"}],"replies":[{"embeddable":true,"href":"https:\/\/jcphealthtech.com.br\/index.php\/wp-json\/wp\/v2\/comments?post=30"}],"version-history":[{"count":5,"href":"https:\/\/jcphealthtech.com.br\/index.php\/wp-json\/wp\/v2\/pages\/30\/revisions"}],"predecessor-version":[{"id":132,"href":"https:\/\/jcphealthtech.com.br\/index.php\/wp-json\/wp\/v2\/pages\/30\/revisions\/132"}],"wp:attachment":[{"href":"https:\/\/jcphealthtech.com.br\/index.php\/wp-json\/wp\/v2\/media?parent=30"}],"curies":[{"name":"wp","href":"https:\/\/api.w.org\/{rel}","templated":true}]}}