{"id":26,"date":"2020-12-06T19:28:33","date_gmt":"2020-12-06T22:28:33","guid":{"rendered":"http:\/\/jcphealthtech.com.br\/?page_id=26"},"modified":"2021-02-09T18:31:19","modified_gmt":"2021-02-09T21:31:19","slug":"compatibilizacao-de-projetos-de-instalacoes","status":"publish","type":"page","link":"https:\/\/jcphealthtech.com.br\/index.php\/compatibilizacao-de-projetos-de-instalacoes\/","title":{"rendered":"Compatibiliza\u00e7\u00e3o de Projetos de Instala\u00e7\u00f5es"},"content":{"rendered":"<p>[vc_row][vc_column][vc_empty_space][vc_row_inner][vc_column_inner width=&#8221;1\/2&#8243;][vc_custom_heading text=&#8221;Compatibiliza\u00e7\u00e3o de Projetos de Instala\u00e7\u00f5es&#8221; font_container=&#8221;tag:h4|font_size:18px|text_align:left|line_height:25px&#8221; use_theme_fonts=&#8221;yes&#8221;][vc_separator align=&#8221;align_left&#8221; css=&#8221;.vc_custom_1607902121774{margin-bottom: 0px !important;border-bottom-width: 0px !important;padding-bottom: 0px !important;}&#8221;][vc_column_text]<span style=\"font-weight: 400;\">An\u00e1lise e compatibiliza\u00e7\u00e3o das necessidades, com o intuito de validar as informa\u00e7\u00f5es necess\u00e1rias j\u00e1 representadas corretamente nos projetos, e apontar poss\u00edveis necessidades de corre\u00e7\u00e3o ou complementa\u00e7\u00e3o com foco em normas e necessidades de funcionamento das tecnologias m\u00e9dicas.\u00a0<\/span><\/p>\n<p><span style=\"font-weight: 400;\">S\u00e3o atividades tamb\u00e9m realizadas nesta etapa:<\/span><\/p>\n<ul>\n<li style=\"font-weight: 400;\"><span style=\"font-weight: 400;\">Alinhamento e comunica\u00e7\u00e3o para sanar poss\u00edveis d\u00favidas com os projetistas.<\/span><\/li>\n<li style=\"font-weight: 400;\"><span style=\"font-weight: 400;\">Confirma\u00e7\u00e3o das necessidades t\u00e9cnicas de equipamentos existentes ou em processo de aquisi\u00e7\u00e3o.<\/span><\/li>\n<li style=\"font-weight: 400;\"><span style=\"font-weight: 400;\">Organiza\u00e7\u00e3o de informa\u00e7\u00f5es e documentos do processo.<\/span><\/li>\n<li style=\"font-weight: 400;\">Elabora\u00e7\u00e3o do relat\u00f3rio com parecer t\u00e9cnico.<\/li>\n<\/ul>\n<p>[\/vc_column_text][\/vc_column_inner][vc_column_inner width=&#8221;1\/2&#8243;][vc_single_image image=&#8221;60&#8243; img_size=&#8221;full&#8221; style=&#8221;vc_box_rounded&#8221; onclick=&#8221;custom_link&#8221;][\/vc_column_inner][\/vc_row_inner][\/vc_column][\/vc_row]<\/p>\n","protected":false},"excerpt":{"rendered":"<p>[vc_row][vc_column][vc_empty_space][vc_row_inner][vc_column_inner width=&#8221;1\/2&#8243;][vc_custom_heading text=&#8221;Compatibiliza\u00e7\u00e3o de Projetos de Instala\u00e7\u00f5es&#8221; font_container=&#8221;tag:h4|font_size:18px|text_align:left|line_height:25px&#8221; use_theme_fonts=&#8221;yes&#8221;][vc_separator align=&#8221;align_left&#8221; css=&#8221;.vc_custom_1607902121774{margin-bottom: 0px !important;border-bottom-width: 0px !important;padding-bottom: 0px !important;}&#8221;][vc_column_text]An\u00e1lise e compatibiliza\u00e7\u00e3o das necessidades, com o intuito de validar<span class=\"excerpt-hellip\"> [\u2026]<\/span><\/p>\n","protected":false},"author":1,"featured_media":0,"parent":0,"menu_order":0,"comment_status":"closed","ping_status":"closed","template":"","meta":[],"_links":{"self":[{"href":"https:\/\/jcphealthtech.com.br\/index.php\/wp-json\/wp\/v2\/pages\/26"}],"collection":[{"href":"https:\/\/jcphealthtech.com.br\/index.php\/wp-json\/wp\/v2\/pages"}],"about":[{"href":"https:\/\/jcphealthtech.com.br\/index.php\/wp-json\/wp\/v2\/types\/page"}],"author":[{"embeddable":true,"href":"https:\/\/jcphealthtech.com.br\/index.php\/wp-json\/wp\/v2\/users\/1"}],"replies":[{"embeddable":true,"href":"https:\/\/jcphealthtech.com.br\/index.php\/wp-json\/wp\/v2\/comments?post=26"}],"version-history":[{"count":4,"href":"https:\/\/jcphealthtech.com.br\/index.php\/wp-json\/wp\/v2\/pages\/26\/revisions"}],"predecessor-version":[{"id":158,"href":"https:\/\/jcphealthtech.com.br\/index.php\/wp-json\/wp\/v2\/pages\/26\/revisions\/158"}],"wp:attachment":[{"href":"https:\/\/jcphealthtech.com.br\/index.php\/wp-json\/wp\/v2\/media?parent=26"}],"curies":[{"name":"wp","href":"https:\/\/api.w.org\/{rel}","templated":true}]}}