{"id":24,"date":"2020-12-06T19:28:17","date_gmt":"2020-12-06T22:28:17","guid":{"rendered":"http:\/\/jcphealthtech.com.br\/?page_id=24"},"modified":"2021-02-01T20:08:20","modified_gmt":"2021-02-01T23:08:20","slug":"dimensionamento-tecnologico","status":"publish","type":"page","link":"https:\/\/jcphealthtech.com.br\/index.php\/dimensionamento-tecnologico\/","title":{"rendered":"Dimensionamento Tecnol\u00f3gico"},"content":{"rendered":"<p>[vc_row][vc_column][vc_empty_space][vc_row_inner][vc_column_inner width=&#8221;1\/2&#8243;][vc_custom_heading text=&#8221;Projeto de Dimensionamento Tecnol\u00f3gico&#8221; font_container=&#8221;tag:h4|font_size:18px|text_align:left|line_height:25px&#8221; use_theme_fonts=&#8221;yes&#8221;][vc_separator align=&#8221;align_left&#8221; css=&#8221;.vc_custom_1607902121774{margin-bottom: 0px !important;border-bottom-width: 0px !important;padding-bottom: 0px !important;}&#8221;][vc_column_text]<span style=\"font-weight: 400;\">Relat\u00f3rio-Planilha com a rela\u00e7\u00e3o e o dimensionamento quantitativo dos equipamentos e mobili\u00e1rios m\u00e9dicos por ambiente, com estimativas de custos e necessidades b\u00e1sicas de instala\u00e7\u00f5es.<\/span><\/p>\n<p><span style=\"font-weight: 400;\">S\u00e3o atividades tamb\u00e9m realizadas nesta etapa:<\/span><\/p>\n<ul>\n<li style=\"font-weight: 400;\">Recebimento e An\u00e1lise dos Projetos de Arquitetura e Instala\u00e7\u00f5es<\/li>\n<li style=\"font-weight: 400;\">Recebimento e An\u00e1lise de premissas operacionais e direcionamentos dados pelo cliente<\/li>\n<li style=\"font-weight: 400;\">An\u00e1lise do projeto e dimensionamento das necessidades de Instala\u00e7\u00f5es, equipamentos e mobili\u00e1rios para cada ambiente<\/li>\n<\/ul>\n<p>[\/vc_column_text][\/vc_column_inner][vc_column_inner width=&#8221;1\/2&#8243;][vc_single_image image=&#8221;58&#8243; img_size=&#8221;full&#8221; style=&#8221;vc_box_rounded&#8221; onclick=&#8221;custom_link&#8221;][\/vc_column_inner][\/vc_row_inner][\/vc_column][\/vc_row]<\/p>\n","protected":false},"excerpt":{"rendered":"<p>[vc_row][vc_column][vc_empty_space][vc_row_inner][vc_column_inner width=&#8221;1\/2&#8243;][vc_custom_heading text=&#8221;Projeto de Dimensionamento Tecnol\u00f3gico&#8221; font_container=&#8221;tag:h4|font_size:18px|text_align:left|line_height:25px&#8221; use_theme_fonts=&#8221;yes&#8221;][vc_separator align=&#8221;align_left&#8221; css=&#8221;.vc_custom_1607902121774{margin-bottom: 0px !important;border-bottom-width: 0px !important;padding-bottom: 0px !important;}&#8221;][vc_column_text]Relat\u00f3rio-Planilha com a rela\u00e7\u00e3o e o dimensionamento quantitativo dos equipamentos e<span class=\"excerpt-hellip\"> [\u2026]<\/span><\/p>\n","protected":false},"author":1,"featured_media":0,"parent":0,"menu_order":0,"comment_status":"closed","ping_status":"closed","template":"","meta":[],"_links":{"self":[{"href":"https:\/\/jcphealthtech.com.br\/index.php\/wp-json\/wp\/v2\/pages\/24"}],"collection":[{"href":"https:\/\/jcphealthtech.com.br\/index.php\/wp-json\/wp\/v2\/pages"}],"about":[{"href":"https:\/\/jcphealthtech.com.br\/index.php\/wp-json\/wp\/v2\/types\/page"}],"author":[{"embeddable":true,"href":"https:\/\/jcphealthtech.com.br\/index.php\/wp-json\/wp\/v2\/users\/1"}],"replies":[{"embeddable":true,"href":"https:\/\/jcphealthtech.com.br\/index.php\/wp-json\/wp\/v2\/comments?post=24"}],"version-history":[{"count":6,"href":"https:\/\/jcphealthtech.com.br\/index.php\/wp-json\/wp\/v2\/pages\/24\/revisions"}],"predecessor-version":[{"id":134,"href":"https:\/\/jcphealthtech.com.br\/index.php\/wp-json\/wp\/v2\/pages\/24\/revisions\/134"}],"wp:attachment":[{"href":"https:\/\/jcphealthtech.com.br\/index.php\/wp-json\/wp\/v2\/media?parent=24"}],"curies":[{"name":"wp","href":"https:\/\/api.w.org\/{rel}","templated":true}]}}