{"id":16,"date":"2020-12-06T19:28:01","date_gmt":"2020-12-06T22:28:01","guid":{"rendered":"http:\/\/jcphealthtech.com.br\/?page_id=16"},"modified":"2021-02-11T09:36:49","modified_gmt":"2021-02-11T12:36:49","slug":"quem-somos","status":"publish","type":"page","link":"https:\/\/jcphealthtech.com.br\/index.php\/quem-somos\/","title":{"rendered":"Quem somos"},"content":{"rendered":"<p>[vc_row css=&#8221;.vc_custom_1607909811045{padding-top: 60px !important;padding-bottom: 60px !important;}&#8221;][vc_column width=&#8221;1\/2&#8243; css=&#8221;.vc_custom_1607905197150{background-image: url(http:\/\/jcphealthtech.com.br\/wp-content\/uploads\/2020\/12\/JCP_Ilustracoes3D_-Consultorio_02-1-1.jpg?id=68) !important;background-position: 0 0 !important;background-repeat: repeat !important;}&#8221;][vc_single_image image=&#8221;103&#8243; img_size=&#8221;full&#8221;][\/vc_column][vc_column width=&#8221;1\/2&#8243;][vc_empty_space height=&#8221;15px&#8221;][vc_custom_heading text=&#8221;QUEM SOMOS&#8221; use_theme_fonts=&#8221;yes&#8221;][vc_separator color=&#8221;custom&#8221; align=&#8221;align_left&#8221; border_width=&#8221;2&#8243; el_width=&#8221;20&#8243; accent_color=&#8221;#48c1bc&#8221;][vc_column_text]<span style=\"font-weight: 400;\">Ap\u00f3s 17 anos exercendo fun\u00e7\u00f5es em diversos n\u00edveis e empresas, os s\u00f3cios Jos\u00e9 Carlos Palerosi Filho e Pablo Almeida\u00a0 se juntaram para formar a JCP Health<\/span><span style=\"font-weight: 400;\"> Tech, com todo o conhecimento adquirido nas \u00e1reas de engenharia cl\u00ednica e predial, projetos de dimensionamento, especifica\u00e7\u00e3o, compra e instala\u00e7\u00e3o de tecnologias m\u00e9dicas, incluindo o gerenciamento das opera\u00e7\u00f5es.<\/span><\/p>\n<p><span style=\"font-weight: 400;\">Atuando tamb\u00e9m na gest\u00e3o de projetos de todos os portes, integrando e sincronizando atividades de projetos, constru\u00e7\u00e3o, instala\u00e7\u00f5es, tecnologias m\u00e9dicas e da informa\u00e7\u00e3o-comunica\u00e7\u00e3o, processos legais\/licen\u00e7as, treinamentos e opera\u00e7\u00f5es.<\/span><\/p>\n<p>[\/vc_column_text][\/vc_column][\/vc_row][vc_row][vc_column css=&#8221;.vc_custom_1611600466023{margin-right: 10px !important;margin-left: 10px !important;border-right-width: 10px !important;border-left-width: 10px !important;padding-right: 10px !important;padding-left: 10px !important;}&#8221;][vc_column_text]Buscamos ser uma empresa de consultoria e assessoria especializada e personalizada para atendimento de clientes e parceiros. Decidimos atuar diretamente nos nossos clientes para agregar o conhecimento e a experi\u00eancia de anos de atua\u00e7\u00e3o, e assim possibilitar uma maior assertividade e maturidade na condu\u00e7\u00e3o dos projetos.[\/vc_column_text][\/vc_column][\/vc_row][vc_row el_class=&#8221;icones&#8221; el_id=&#8221;desktop&#8221;][vc_column][vc_row_inner][vc_column_inner width=&#8221;1\/3&#8243;]<div class=\"counter counter_vertical animate-math\"><div class=\"icon_wrapper\"><\/div><div class=\"desc_wrapper\"><div class=\"number-wrapper\"><span class=\"number\" data-to=\"17\">17<\/span><span class=\"label postfix\">anos de experi\u00eancia dos consultores na \u00e1rea da sa\u00fade<\/span><\/div><\/div><\/div>\n[\/vc_column_inner][vc_column_inner width=&#8221;1\/3&#8243;]<div class=\"counter counter_vertical animate-math\"><div class=\"icon_wrapper\"><\/div><div class=\"desc_wrapper\"><div class=\"number-wrapper\"><span class=\"label prefix\">Gest\u00e3o de<\/span><span class=\"number\" data-to=\"25\">25<\/span><span class=\"label postfix\">unidades entre manuten\u00e7\u00e3o, engenharias cl\u00ednica e predial<\/span><\/div><\/div><\/div>\n[\/vc_column_inner][vc_column_inner width=&#8221;1\/3&#8243;]<div class=\"counter counter_vertical animate-math\"><div class=\"icon_wrapper\"><\/div><div class=\"desc_wrapper\"><div class=\"number-wrapper\"><span class=\"label prefix\">Participa\u00e7\u00e3o em mais de<\/span><span class=\"number\" data-to=\"150\">150<\/span><span class=\"label postfix\">projetos EAS<\/span><\/div><\/div><\/div>\n[\/vc_column_inner][\/vc_row_inner][vc_row_inner][vc_column_inner width=&#8221;2\/12&#8243;][\/vc_column_inner][vc_column_inner width=&#8221;4\/12&#8243;]<div class=\"counter counter_vertical animate-math\"><div class=\"icon_wrapper\"><\/div><div class=\"desc_wrapper\"><div class=\"number-wrapper\"><span class=\"label prefix\">+ de<\/span><span class=\"number\" data-to=\"1\">1<\/span><span class=\"label postfix\">Bi de aquisi\u00e7\u00f5es gerenciadas<\/span><\/div><\/div><\/div>\n[\/vc_column_inner][vc_column_inner width=&#8221;4\/12&#8243;]<div class=\"counter counter_vertical animate-math\"><div class=\"icon_wrapper\"><\/div><div class=\"desc_wrapper\"><div class=\"number-wrapper\"><span class=\"number\" data-to=\"60\">60<\/span><span class=\"label postfix\">mil equipamentos mobili\u00e1rios instalados<\/span><\/div><\/div><\/div>\n[\/vc_column_inner][vc_column_inner width=&#8221;2\/12&#8243;][\/vc_column_inner][\/vc_row_inner][\/vc_column][\/vc_row][vc_row el_class=&#8221;pessoas&#8221;][vc_column width=&#8221;5\/12&#8243; el_class=&#8221;coluna&#8221; css=&#8221;.vc_custom_1612463100135{margin-left: 20px !important;}&#8221;][vc_custom_heading text=&#8221;Jos\u00e9 Carlos Palerosi Filho&#8221; font_container=&#8221;tag:h4|text_align:left&#8221; use_theme_fonts=&#8221;yes&#8221;][vc_column_text]<strong>Consultor e Gestor de Projetos<\/strong><\/p>\n<p><span style=\"font-weight: 400;\">Profissional formado Tecnologia em Sa\u00fade, modalidade: \u201cProjetos, Manuten\u00e7\u00e3o e Opera\u00e7\u00e3o de Aparelhos M\u00e9dico &#8211; Hospitalares\u201d \u2013 Tecnologia em Sistemas Biom\u00e9dicos, Especialista em Gest\u00e3o de Sa\u00fade e MBA em Arquitetura de Solu\u00e7\u00f5es, com atua\u00e7\u00e3o em empreendimentos de sa\u00fade, desde sua an\u00e1lise de viabilidade, planejamento, execu\u00e7\u00e3o e controle.<\/span><\/p>\n<p><span style=\"font-weight: 400;\">Grande experi\u00eancia na \u00e1rea de implanta\u00e7\u00e3o e montagem de ambientes de sa\u00fade, engenharia cl\u00ednica, facilities e gerenciamento de projetos.<\/span><\/p>\n<p>Empresa e Profissionais Registrados no CREA.[\/vc_column_text][vc_empty_space height=&#8221;10px&#8221;][\/vc_column][vc_column width=&#8221;1\/12&#8243; el_class=&#8221;colunameio&#8221;][\/vc_column][vc_column width=&#8221;5\/12&#8243; el_class=&#8221;coluna&#8221;][vc_custom_heading text=&#8221;Pablo Almeida&#8221; font_container=&#8221;tag:h4|text_align:left&#8221; use_theme_fonts=&#8221;yes&#8221;][vc_column_text]<strong>Consultor Especialista T\u00e9cnico<\/strong><\/p>\n<p>Profissional formado Tecnologia em Sa\u00fade, modalidade: \u201cProjetos, Manuten\u00e7\u00e3o e Opera\u00e7\u00e3o de Aparelhos M\u00e9dico-Hospitalares\u201d \u2013 Tecnologia em Sistemas Biom\u00e9dicos. Se especializando em Engenharia Biom\u00e9dica: \u00canfase em Engenharia Cl\u00ednica, com atua\u00e7\u00e3o em empresas de engenharia cl\u00ednica, arquitetura e constru\u00e7\u00e3o como especialista t\u00e9cnico em equipamentos m\u00e9dicos.<\/p>\n<p>Vasta experi\u00eancia em implanta\u00e7\u00f5es, Manuten\u00e7\u00e3o e Qualidade em processos de Engenharia Cl\u00ednica e Hospitalar de Unidades em funcionamento e em constru\u00e7\u00e3o.<\/p>\n<p>Empresa e Profissionais Registrados no CREA.[\/vc_column_text][\/vc_column][\/vc_row][vc_row bg_type=&#8221;bg_color&#8221; bg_override=&#8221;full&#8221; bg_color_value=&#8221;#41ada9&#8243; el_class=&#8221;icones&#8221;][vc_column][vc_empty_space][vc_row_inner][vc_column_inner width=&#8221;1\/3&#8243;]<div class=\"icon_box icon_position_top no_border\"><div class=\"icon_wrapper\"><div class=\"icon\"><i class=\"icon-star\"><\/i><\/div><\/div><div class=\"desc_wrapper\"><h4 class=\"title\">Miss\u00e3o<\/h4><div class=\"desc\">Transformar a vida das pessoas, entregando t\u00e9cnicas e metodologias para uma gest\u00e3o \u00e1gil, inovadora e rent\u00e1vel, na \u00e1rea de projetos e tecnologias para a sa\u00fade.<br \/>\n<\/div><\/div><\/div>\n[\/vc_column_inner][vc_column_inner width=&#8221;1\/3&#8243;]<div class=\"icon_box icon_position_top no_border\"><div class=\"icon_wrapper\"><div class=\"icon\"><i class=\"icon-eye\"><\/i><\/div><\/div><div class=\"desc_wrapper\"><h4 class=\"title\">Vis\u00e3o<\/h4><div class=\"desc\">Ser reconhecida por seus clientes e pelo mercado da sa\u00fade como uma empresa assertiva, r\u00e1pida e \u00e1gil, durante a jornada de seus projetos.<br \/>\n<\/div><\/div><\/div>\n[\/vc_column_inner][vc_column_inner width=&#8221;1\/3&#8243;]<div class=\"icon_box icon_position_top no_border\"><div class=\"icon_wrapper\"><div class=\"icon\"><i class=\"icon-buffer\"><\/i><\/div><\/div><div class=\"desc_wrapper\"><h4 class=\"title\">Valores<\/h4><div class=\"desc\">\u00c9tica, Transpar\u00eancia, Profissionalismo, Igualdade e Inova\u00e7\u00e3o.<br \/>\n<\/div><\/div><\/div>\n[\/vc_column_inner][\/vc_row_inner][\/vc_column][\/vc_row]<\/p>\n","protected":false},"excerpt":{"rendered":"<p>[vc_row css=&#8221;.vc_custom_1607909811045{padding-top: 60px !important;padding-bottom: 60px !important;}&#8221;][vc_column width=&#8221;1\/2&#8243; css=&#8221;.vc_custom_1607905197150{background-image: url(http:\/\/jcphealthtech.com.br\/wp-content\/uploads\/2020\/12\/JCP_Ilustracoes3D_-Consultorio_02-1-1.jpg?id=68) !important;background-position: 0 0 !important;background-repeat: repeat !important;}&#8221;][vc_single_image image=&#8221;103&#8243; img_size=&#8221;full&#8221;][\/vc_column][vc_column width=&#8221;1\/2&#8243;][vc_empty_space height=&#8221;15px&#8221;][vc_custom_heading text=&#8221;QUEM SOMOS&#8221; use_theme_fonts=&#8221;yes&#8221;][vc_separator color=&#8221;custom&#8221; align=&#8221;align_left&#8221; border_width=&#8221;2&#8243; el_width=&#8221;20&#8243;<span class=\"excerpt-hellip\"> [\u2026]<\/span><\/p>\n","protected":false},"author":1,"featured_media":0,"parent":0,"menu_order":0,"comment_status":"closed","ping_status":"closed","template":"","meta":[],"_links":{"self":[{"href":"https:\/\/jcphealthtech.com.br\/index.php\/wp-json\/wp\/v2\/pages\/16"}],"collection":[{"href":"https:\/\/jcphealthtech.com.br\/index.php\/wp-json\/wp\/v2\/pages"}],"about":[{"href":"https:\/\/jcphealthtech.com.br\/index.php\/wp-json\/wp\/v2\/types\/page"}],"author":[{"embeddable":true,"href":"https:\/\/jcphealthtech.com.br\/index.php\/wp-json\/wp\/v2\/users\/1"}],"replies":[{"embeddable":true,"href":"https:\/\/jcphealthtech.com.br\/index.php\/wp-json\/wp\/v2\/comments?post=16"}],"version-history":[{"count":14,"href":"https:\/\/jcphealthtech.com.br\/index.php\/wp-json\/wp\/v2\/pages\/16\/revisions"}],"predecessor-version":[{"id":160,"href":"https:\/\/jcphealthtech.com.br\/index.php\/wp-json\/wp\/v2\/pages\/16\/revisions\/160"}],"wp:attachment":[{"href":"https:\/\/jcphealthtech.com.br\/index.php\/wp-json\/wp\/v2\/media?parent=16"}],"curies":[{"name":"wp","href":"https:\/\/api.w.org\/{rel}","templated":true}]}}