{"id":138,"date":"2021-02-03T19:20:35","date_gmt":"2021-02-03T22:20:35","guid":{"rendered":"http:\/\/jcphealthtech.com.br\/?page_id=138"},"modified":"2021-02-09T11:35:36","modified_gmt":"2021-02-09T14:35:36","slug":"assessoria-para-padronizacao-de-ambientes-da-saude","status":"publish","type":"page","link":"https:\/\/jcphealthtech.com.br\/index.php\/assessoria-para-padronizacao-de-ambientes-da-saude\/","title":{"rendered":"Assessoria para Padroniza\u00e7\u00e3o de Ambientes da Sa\u00fade"},"content":{"rendered":"<p>[vc_row][vc_column][vc_empty_space][vc_row_inner][vc_column_inner width=&#8221;1\/2&#8243;][vc_custom_heading text=&#8221;Assessoria para Padroniza\u00e7\u00e3o de Ambientes da Sa\u00fade&#8221; font_container=&#8221;tag:h4|font_size:18px|text_align:left|line_height:25px&#8221; use_theme_fonts=&#8221;yes&#8221;][vc_separator align=&#8221;align_left&#8221; css=&#8221;.vc_custom_1607902121774{margin-bottom: 0px !important;border-bottom-width: 0px !important;padding-bottom: 0px !important;}&#8221;][vc_column_text]<\/p>\n<ul>\n<li>Defini\u00e7\u00e3o de Tecnologias por Ambiente<\/li>\n<li>Defini\u00e7\u00e3o de Mobili\u00e1rios M\u00e9dicos por Ambiente<\/li>\n<li>Defini\u00e7\u00e3o das Premissas e Necessidades de Instala\u00e7\u00f5es<\/li>\n<li>Recomenda\u00e7\u00f5es para a Fase de Projetos e Obras<\/li>\n<li>Maquete Eletr\u00f4nica de cada Ambiente<\/li>\n<li>Fabricantes e Modelos Padronizados<\/li>\n<li>CAPEX por Ambiente<\/li>\n<li>OPEX por Equipamento e Ambiente<\/li>\n<\/ul>\n<p>[\/vc_column_text][\/vc_column_inner][vc_column_inner width=&#8221;1\/2&#8243;][vc_single_image image=&#8221;136&#8243; img_size=&#8221;full&#8221; style=&#8221;vc_box_rounded&#8221; onclick=&#8221;custom_link&#8221;][\/vc_column_inner][\/vc_row_inner][\/vc_column][\/vc_row]<\/p>\n","protected":false},"excerpt":{"rendered":"<p>[vc_row][vc_column][vc_empty_space][vc_row_inner][vc_column_inner width=&#8221;1\/2&#8243;][vc_custom_heading text=&#8221;Assessoria para Padroniza\u00e7\u00e3o de Ambientes da Sa\u00fade&#8221; font_container=&#8221;tag:h4|font_size:18px|text_align:left|line_height:25px&#8221; use_theme_fonts=&#8221;yes&#8221;][vc_separator align=&#8221;align_left&#8221; css=&#8221;.vc_custom_1607902121774{margin-bottom: 0px !important;border-bottom-width: 0px !important;padding-bottom: 0px !important;}&#8221;][vc_column_text] Defini\u00e7\u00e3o de Tecnologias por Ambiente Defini\u00e7\u00e3o de<span class=\"excerpt-hellip\"> [\u2026]<\/span><\/p>\n","protected":false},"author":1,"featured_media":0,"parent":0,"menu_order":0,"comment_status":"closed","ping_status":"closed","template":"","meta":[],"_links":{"self":[{"href":"https:\/\/jcphealthtech.com.br\/index.php\/wp-json\/wp\/v2\/pages\/138"}],"collection":[{"href":"https:\/\/jcphealthtech.com.br\/index.php\/wp-json\/wp\/v2\/pages"}],"about":[{"href":"https:\/\/jcphealthtech.com.br\/index.php\/wp-json\/wp\/v2\/types\/page"}],"author":[{"embeddable":true,"href":"https:\/\/jcphealthtech.com.br\/index.php\/wp-json\/wp\/v2\/users\/1"}],"replies":[{"embeddable":true,"href":"https:\/\/jcphealthtech.com.br\/index.php\/wp-json\/wp\/v2\/comments?post=138"}],"version-history":[{"count":6,"href":"https:\/\/jcphealthtech.com.br\/index.php\/wp-json\/wp\/v2\/pages\/138\/revisions"}],"predecessor-version":[{"id":156,"href":"https:\/\/jcphealthtech.com.br\/index.php\/wp-json\/wp\/v2\/pages\/138\/revisions\/156"}],"wp:attachment":[{"href":"https:\/\/jcphealthtech.com.br\/index.php\/wp-json\/wp\/v2\/media?parent=138"}],"curies":[{"name":"wp","href":"https:\/\/api.w.org\/{rel}","templated":true}]}}